{"id":713,"date":"2015-12-02T12:22:11","date_gmt":"2015-12-02T12:22:11","guid":{"rendered":"http:\/\/themes.webdevia.com\/solar-wp\/?page_id=713"},"modified":"2025-04-06T14:12:53","modified_gmt":"2025-04-06T17:12:53","slug":"noticias","status":"publish","type":"page","link":"https:\/\/grupobrasinter.com.br\/site\/index.php\/noticias\/","title":{"rendered":"Noticias"},"content":{"rendered":"<div class=\"wpb-content-wrapper\"><p>[vc_row css=&#8221;.vc_custom_1449059076901{margin-top: 40px !important;}&#8221;][vc_column]\r\n\r\n<div class=\"\" >\r\n  <div class=\"large-12 columns  wd-title-section_c\" >\r\n      <h2>Not\u00edcias<\/h2>\r\n        <h5>Fique por dentro dos nossos conte\u00fados, informa\u00e7\u00f5es e novidades<\/h5>\r\n    \r\n  <\/div>\r\n<\/div>\r\n\r\n  \r\n[\/vc_column][\/vc_row][vc_row][vc_column]\r\n    <ul\r\n      class='simple-blog small-block-grid-2 medium-block-grid-2 large-block-grid-3'>\r\n      \r\n        <li>\r\n          <div\r\n            class=\"wd-latest-news hvr-underline-from-center \" >\r\n            <div class=\"wd-image-date\">\r\n              <img loading=\"lazy\" decoding=\"async\" width=\"840\" height=\"424\" src=\"https:\/\/grupobrasinter.com.br\/site\/wp-content\/uploads\/2014\/08\/SodaCaustica.png\" class=\"attachment-petroleum_blog_shortcode size-petroleum_blog_shortcode wp-post-image\" alt=\"\" srcset=\"https:\/\/grupobrasinter.com.br\/site\/wp-content\/uploads\/2014\/08\/SodaCaustica.png 840w, https:\/\/grupobrasinter.com.br\/site\/wp-content\/uploads\/2014\/08\/SodaCaustica-300x151.png 300w, https:\/\/grupobrasinter.com.br\/site\/wp-content\/uploads\/2014\/08\/SodaCaustica-768x388.png 768w\" sizes=\"auto, (max-width: 840px) 100vw, 840px\" \/>              <span><strong>01<\/strong>Apr<\/span>\r\n            <\/div>\r\n            <h4 class=\"wd-title-element\"><a href=\"https:\/\/grupobrasinter.com.br\/site\/index.php\/2025\/04\/01\/soda-caustica\/\">Soda C\u00e1ustica em Escamas: Versatilidade no Dia a Dia e nas Ind\u00fastrias<\/a><\/h4>\r\n            <p>\r\n              A soda c\u00e1ustica em escamas \u00e9 um produto de alta versatilidade, com aplica\u00e7\u00f5es que v\u00e3o desde solu\u00e7\u00f5es para o cotidiano como a fabrica\u00e7\u00e3o de sab\u00e3o&hellip;              <a class=\"hvr-pop read-more\" href=\"https:\/\/grupobrasinter.com.br\/site\/index.php\/2025\/04\/01\/soda-caustica\/\">Read More \u2192<\/a>\r\n            <\/p>\r\n          <\/div>\r\n        <\/li>\r\n      \r\n        <li>\r\n          <div\r\n            class=\"wd-latest-news hvr-underline-from-center \" >\r\n            <div class=\"wd-image-date\">\r\n              <img loading=\"lazy\" decoding=\"async\" width=\"840\" height=\"424\" src=\"https:\/\/grupobrasinter.com.br\/site\/wp-content\/uploads\/2014\/08\/Sustentabilidade.png\" class=\"attachment-petroleum_blog_shortcode size-petroleum_blog_shortcode wp-post-image\" alt=\"\" srcset=\"https:\/\/grupobrasinter.com.br\/site\/wp-content\/uploads\/2014\/08\/Sustentabilidade.png 840w, https:\/\/grupobrasinter.com.br\/site\/wp-content\/uploads\/2014\/08\/Sustentabilidade-300x151.png 300w, https:\/\/grupobrasinter.com.br\/site\/wp-content\/uploads\/2014\/08\/Sustentabilidade-768x388.png 768w\" sizes=\"auto, (max-width: 840px) 100vw, 840px\" \/>              <span><strong>01<\/strong>Mar<\/span>\r\n            <\/div>\r\n            <h4 class=\"wd-title-element\"><a href=\"https:\/\/grupobrasinter.com.br\/site\/index.php\/2025\/03\/01\/sustentabilidade-em-movimento-projeto-despoluir\/\">Sustentabilidade em Movimento: Projeto Despoluir<\/a><\/h4>\r\n            <p>\r\n              No Grupo Brasinter, sustentabilidade n\u00e3o \u00e9 apenas uma meta\u2014\u00e9 nossa responsabilidade. Com grande orgulho, apresentamos o Projeto Redu\u00e7\u00e3o de Poluentes - Despoluir, parte essencial da&hellip;              <a class=\"hvr-pop read-more\" href=\"https:\/\/grupobrasinter.com.br\/site\/index.php\/2025\/03\/01\/sustentabilidade-em-movimento-projeto-despoluir\/\">Read More \u2192<\/a>\r\n            <\/p>\r\n          <\/div>\r\n        <\/li>\r\n      \r\n        <li>\r\n          <div\r\n            class=\"wd-latest-news hvr-underline-from-center \" >\r\n            <div class=\"wd-image-date\">\r\n              <img loading=\"lazy\" decoding=\"async\" width=\"840\" height=\"424\" src=\"https:\/\/grupobrasinter.com.br\/site\/wp-content\/uploads\/2014\/08\/transporte.png\" class=\"attachment-petroleum_blog_shortcode size-petroleum_blog_shortcode wp-post-image\" alt=\"\" srcset=\"https:\/\/grupobrasinter.com.br\/site\/wp-content\/uploads\/2014\/08\/transporte.png 840w, https:\/\/grupobrasinter.com.br\/site\/wp-content\/uploads\/2014\/08\/transporte-300x151.png 300w, https:\/\/grupobrasinter.com.br\/site\/wp-content\/uploads\/2014\/08\/transporte-768x388.png 768w\" sizes=\"auto, (max-width: 840px) 100vw, 840px\" \/>              <span><strong>01<\/strong>Feb<\/span>\r\n            <\/div>\r\n            <h4 class=\"wd-title-element\"><a href=\"https:\/\/grupobrasinter.com.br\/site\/index.php\/2025\/02\/01\/nao-erre-na-hora-de-escolher-a-empresa-de-transporte-quimico\/\">N\u00e3o erre na hora de escolher a empresa de transporte qu\u00edmico!<\/a><\/h4>\r\n            <p>\r\n              Na Kemlog, somos especialistas no transporte de produtos qu\u00edmicos, oferecendo solu\u00e7\u00f5es personalizadas que alinham a efici\u00eancia, seguran\u00e7a e tecnologia de ponta. Com o avan\u00e7ado sistema&hellip;              <a class=\"hvr-pop read-more\" href=\"https:\/\/grupobrasinter.com.br\/site\/index.php\/2025\/02\/01\/nao-erre-na-hora-de-escolher-a-empresa-de-transporte-quimico\/\">Read More \u2192<\/a>\r\n            <\/p>\r\n          <\/div>\r\n        <\/li>\r\n          <\/ul>\r\n    <!-- pagination here -->\r\n        [\/vc_column][\/vc_row]<\/p>\n<\/div>","protected":false},"excerpt":{"rendered":"<p>[vc_row css=&#8221;.vc_custom_1449059076901{margin-top: 40px !important;}&#8221;][vc_column][\/vc_column][\/vc_row][vc_row][vc_column][\/vc_column][\/vc_row]<\/p>\n","protected":false},"author":1,"featured_media":0,"parent":0,"menu_order":0,"comment_status":"closed","ping_status":"closed","template":"","meta":{"footnotes":""},"class_list":["post-713","page","type-page","status-publish","hentry"],"_links":{"self":[{"href":"https:\/\/grupobrasinter.com.br\/site\/index.php\/wp-json\/wp\/v2\/pages\/713","targetHints":{"allow":["GET"]}}],"collection":[{"href":"https:\/\/grupobrasinter.com.br\/site\/index.php\/wp-json\/wp\/v2\/pages"}],"about":[{"href":"https:\/\/grupobrasinter.com.br\/site\/index.php\/wp-json\/wp\/v2\/types\/page"}],"author":[{"embeddable":true,"href":"https:\/\/grupobrasinter.com.br\/site\/index.php\/wp-json\/wp\/v2\/users\/1"}],"replies":[{"embeddable":true,"href":"https:\/\/grupobrasinter.com.br\/site\/index.php\/wp-json\/wp\/v2\/comments?post=713"}],"version-history":[{"count":2,"href":"https:\/\/grupobrasinter.com.br\/site\/index.php\/wp-json\/wp\/v2\/pages\/713\/revisions"}],"predecessor-version":[{"id":2410,"href":"https:\/\/grupobrasinter.com.br\/site\/index.php\/wp-json\/wp\/v2\/pages\/713\/revisions\/2410"}],"wp:attachment":[{"href":"https:\/\/grupobrasinter.com.br\/site\/index.php\/wp-json\/wp\/v2\/media?parent=713"}],"curies":[{"name":"wp","href":"https:\/\/api.w.org\/{rel}","templated":true}]}}