{"id":2302,"date":"2025-04-01T17:31:34","date_gmt":"2025-04-01T20:31:34","guid":{"rendered":"https:\/\/grupobrasinter.com.br\/site\/?page_id=2302"},"modified":"2025-04-07T13:46:28","modified_gmt":"2025-04-07T16:46:28","slug":"compliance","status":"publish","type":"page","link":"https:\/\/grupobrasinter.com.br\/site\/index.php\/compliance\/","title":{"rendered":"Compliance"},"content":{"rendered":"\t\t<div data-elementor-type=\"wp-page\" data-elementor-id=\"2302\" class=\"elementor elementor-2302\" data-elementor-post-type=\"page\">\n\t\t\t\t\t\t\t\t\t<section class=\"elementor-section elementor-top-section elementor-element elementor-element-4ec3721 elementor-section-boxed elementor-section-height-default elementor-section-height-default\" data-id=\"4ec3721\" data-element_type=\"section\">\n\t\t\t\t\t\t<div class=\"elementor-container elementor-column-gap-default\">\n\t\t\t\t\t<div class=\"elementor-column elementor-col-100 elementor-top-column elementor-element elementor-element-2442ce6\" data-id=\"2442ce6\" data-element_type=\"column\">\n\t\t\t<div class=\"elementor-widget-wrap elementor-element-populated\">\n\t\t\t\t\t\t\t\t<div class=\"elementor-element elementor-element-8c867ba elementor-widget elementor-widget-heading\" data-id=\"8c867ba\" data-element_type=\"widget\" data-widget_type=\"heading.default\">\n\t\t\t\t<div class=\"elementor-widget-container\">\n\t\t\t<style>\/*! elementor - v3.14.0 - 26-06-2023 *\/\n.elementor-heading-title{padding:0;margin:0;line-height:1}.elementor-widget-heading .elementor-heading-title[class*=elementor-size-]>a{color:inherit;font-size:inherit;line-height:inherit}.elementor-widget-heading .elementor-heading-title.elementor-size-small{font-size:15px}.elementor-widget-heading .elementor-heading-title.elementor-size-medium{font-size:19px}.elementor-widget-heading .elementor-heading-title.elementor-size-large{font-size:29px}.elementor-widget-heading .elementor-heading-title.elementor-size-xl{font-size:39px}.elementor-widget-heading .elementor-heading-title.elementor-size-xxl{font-size:59px}<\/style><h2 class=\"elementor-heading-title elementor-size-default\">C\u00f3digo de \u00e9tica e conduta<\/h2>\t\t<\/div>\n\t\t\t\t<\/div>\n\t\t\t\t<div class=\"elementor-element elementor-element-b6f3e3b elementor-widget-divider--view-line elementor-widget elementor-widget-divider\" data-id=\"b6f3e3b\" data-element_type=\"widget\" data-widget_type=\"divider.default\">\n\t\t\t\t<div class=\"elementor-widget-container\">\n\t\t\t<style>\/*! elementor - v3.14.0 - 26-06-2023 *\/\n.elementor-widget-divider{--divider-border-style:none;--divider-border-width:1px;--divider-color:#0c0d0e;--divider-icon-size:20px;--divider-element-spacing:10px;--divider-pattern-height:24px;--divider-pattern-size:20px;--divider-pattern-url:none;--divider-pattern-repeat:repeat-x}.elementor-widget-divider .elementor-divider{display:flex}.elementor-widget-divider .elementor-divider__text{font-size:15px;line-height:1;max-width:95%}.elementor-widget-divider .elementor-divider__element{margin:0 var(--divider-element-spacing);flex-shrink:0}.elementor-widget-divider .elementor-icon{font-size:var(--divider-icon-size)}.elementor-widget-divider .elementor-divider-separator{display:flex;margin:0;direction:ltr}.elementor-widget-divider--view-line_icon .elementor-divider-separator,.elementor-widget-divider--view-line_text .elementor-divider-separator{align-items:center}.elementor-widget-divider--view-line_icon .elementor-divider-separator:after,.elementor-widget-divider--view-line_icon .elementor-divider-separator:before,.elementor-widget-divider--view-line_text .elementor-divider-separator:after,.elementor-widget-divider--view-line_text .elementor-divider-separator:before{display:block;content:\"\";border-bottom:0;flex-grow:1;border-top:var(--divider-border-width) var(--divider-border-style) var(--divider-color)}.elementor-widget-divider--element-align-left .elementor-divider .elementor-divider-separator>.elementor-divider__svg:first-of-type{flex-grow:0;flex-shrink:100}.elementor-widget-divider--element-align-left .elementor-divider-separator:before{content:none}.elementor-widget-divider--element-align-left .elementor-divider__element{margin-left:0}.elementor-widget-divider--element-align-right .elementor-divider .elementor-divider-separator>.elementor-divider__svg:last-of-type{flex-grow:0;flex-shrink:100}.elementor-widget-divider--element-align-right .elementor-divider-separator:after{content:none}.elementor-widget-divider--element-align-right .elementor-divider__element{margin-right:0}.elementor-widget-divider:not(.elementor-widget-divider--view-line_text):not(.elementor-widget-divider--view-line_icon) .elementor-divider-separator{border-top:var(--divider-border-width) var(--divider-border-style) var(--divider-color)}.elementor-widget-divider--separator-type-pattern{--divider-border-style:none}.elementor-widget-divider--separator-type-pattern.elementor-widget-divider--view-line .elementor-divider-separator,.elementor-widget-divider--separator-type-pattern:not(.elementor-widget-divider--view-line) .elementor-divider-separator:after,.elementor-widget-divider--separator-type-pattern:not(.elementor-widget-divider--view-line) .elementor-divider-separator:before,.elementor-widget-divider--separator-type-pattern:not([class*=elementor-widget-divider--view]) .elementor-divider-separator{width:100%;min-height:var(--divider-pattern-height);-webkit-mask-size:var(--divider-pattern-size) 100%;mask-size:var(--divider-pattern-size) 100%;-webkit-mask-repeat:var(--divider-pattern-repeat);mask-repeat:var(--divider-pattern-repeat);background-color:var(--divider-color);-webkit-mask-image:var(--divider-pattern-url);mask-image:var(--divider-pattern-url)}.elementor-widget-divider--no-spacing{--divider-pattern-size:auto}.elementor-widget-divider--bg-round{--divider-pattern-repeat:round}.rtl .elementor-widget-divider .elementor-divider__text{direction:rtl}.e-con-inner>.elementor-widget-divider,.e-con>.elementor-widget-divider{width:var(--container-widget-width,100%);--flex-grow:var(--container-widget-flex-grow)}<\/style>\t\t<div class=\"elementor-divider\">\n\t\t\t<span class=\"elementor-divider-separator\">\n\t\t\t\t\t\t<\/span>\n\t\t<\/div>\n\t\t\t\t<\/div>\n\t\t\t\t<\/div>\n\t\t\t\t<div class=\"elementor-element elementor-element-c965937 elementor-widget elementor-widget-text-editor\" data-id=\"c965937\" data-element_type=\"widget\" data-widget_type=\"text-editor.default\">\n\t\t\t\t<div class=\"elementor-widget-container\">\n\t\t\t<style>\/*! elementor - v3.14.0 - 26-06-2023 *\/\n.elementor-widget-text-editor.elementor-drop-cap-view-stacked .elementor-drop-cap{background-color:#69727d;color:#fff}.elementor-widget-text-editor.elementor-drop-cap-view-framed .elementor-drop-cap{color:#69727d;border:3px solid;background-color:transparent}.elementor-widget-text-editor:not(.elementor-drop-cap-view-default) .elementor-drop-cap{margin-top:8px}.elementor-widget-text-editor:not(.elementor-drop-cap-view-default) .elementor-drop-cap-letter{width:1em;height:1em}.elementor-widget-text-editor .elementor-drop-cap{float:left;text-align:center;line-height:1;font-size:50px}.elementor-widget-text-editor .elementor-drop-cap-letter{display:inline-block}<\/style>\t\t\t\t<p>O\u00a0<strong>C\u00f3digo de \u00c9tica e Conduta<\/strong>, integra o Programa de Integridade do GRUPO BRASINTER, direcionado a todos os funcion\u00e1rios e diretores, tendo como principal objetivo, tornar p\u00fablico para os seus Integrantes, para as gera\u00e7\u00f5es futuras, colaboradores, clientes, fornecedores e comunidade em geral (\u201cTerceiros\u201d), o compromisso do GRUPO BRASINTER de efetivamente\u00a0<strong>implementar<\/strong>\u00a0em seus neg\u00f3cios os princ\u00edpios, conceitos e valores aqui firmados.<\/p><p>O C\u00f3digo ser\u00e1 a diretriz\u00a0<strong>fundamental<\/strong>\u00a0para o trabalho di\u00e1rio, sendo que a sua inobserv\u00e2ncia poder\u00e1 causar danos consider\u00e1veis n\u00e3o somente ao GRUPO BRASINTER, mas tamb\u00e9m aos pr\u00f3prios integrantes, parceiros comerciais e outros grupos de interesse. Seguir o\u00a0<strong>C\u00f3digo de \u00c9tica e Conduta<\/strong>, portanto, ser\u00e1 obrigat\u00f3rio para todos, independentemente do cargo ou n\u00edvel de intera\u00e7\u00e3o com o GRUPO BRASINTER.<\/p><p>Para\u00a0<strong>prevenir viola\u00e7\u00f5es<\/strong>, ser\u00e1 fundamental que cada Integrante do GRUPO BRASINTER absorva as diretrizes e o conte\u00fado do C\u00f3digo de \u00c9tica e Conduta, o qual dever\u00e1 pautar toda e qualquer atua\u00e7\u00e3o dos\u00a0<strong>Integrantes<\/strong>.<\/p><p>Quaisquer d\u00favidas ou quest\u00f5es referentes ao C\u00f3digo de \u00c9tica e Conduta poder\u00e3o ser direcionadas ao Canal de Den\u00fancia, canal disponibilizado pelo\u00a0<strong>GRUPO BRASINTER<\/strong>\u00a0<strong>aos Integrantes e Terceiros<\/strong>, para recebimento de den\u00fancias de desconformidade ou viola\u00e7\u00f5es a este C\u00f3digo de \u00c9tica e Conduta e demais pol\u00edticas constantes do Programa de Integridade do Grupo Brasinter.<\/p><p>As quest\u00f5es direcionadas ao Canal de Den\u00fancia \u2013 denuncia:<\/p>\t\t\t\t\t\t<\/div>\n\t\t\t\t<\/div>\n\t\t\t\t\t<\/div>\n\t\t<\/div>\n\t\t\t\t\t\t\t<\/div>\n\t\t<\/section>\n\t\t\t\t<section class=\"elementor-section elementor-top-section elementor-element elementor-element-f12608c elementor-section-boxed elementor-section-height-default elementor-section-height-default\" data-id=\"f12608c\" data-element_type=\"section\">\n\t\t\t\t\t\t<div class=\"elementor-container elementor-column-gap-default\">\n\t\t\t\t\t<div class=\"elementor-column elementor-col-100 elementor-top-column elementor-element elementor-element-f9b43f8\" data-id=\"f9b43f8\" data-element_type=\"column\">\n\t\t\t<div class=\"elementor-widget-wrap elementor-element-populated\">\n\t\t\t\t\t\t\t\t<div class=\"elementor-element elementor-element-684d394 elementor-widget elementor-widget-text-editor\" data-id=\"684d394\" data-element_type=\"widget\" data-widget_type=\"text-editor.default\">\n\t\t\t\t<div class=\"elementor-widget-container\">\n\t\t\t\t\t\t\t<p><strong>(denuncia@grupobrasinter.com.br)<\/strong> ser\u00e3o transmitidas ao COMPLIANCE e poder\u00e3o ser submetidas de forma sigilosa, caso assim deseje o remetente.<\/p>\t\t\t\t\t\t<\/div>\n\t\t\t\t<\/div>\n\t\t\t\t\t<\/div>\n\t\t<\/div>\n\t\t\t\t\t\t\t<\/div>\n\t\t<\/section>\n\t\t\t\t\t\t\t<\/div>\n\t\t","protected":false},"excerpt":{"rendered":"<p>C\u00f3digo de \u00e9tica e conduta O\u00a0C\u00f3digo de \u00c9tica e Conduta, integra o Programa de Integridade do GRUPO BRASINTER, direcionado a todos os funcion\u00e1rios e diretores, tendo como principal objetivo, tornar p\u00fablico para os seus Integrantes, para as gera\u00e7\u00f5es futuras, colaboradores, clientes, fornecedores e comunidade em geral (\u201cTerceiros\u201d), o compromisso do GRUPO BRASINTER de efetivamente\u00a0implementar\u00a0em seus [&hellip;]<\/p>\n","protected":false},"author":1,"featured_media":0,"parent":0,"menu_order":0,"comment_status":"closed","ping_status":"closed","template":"","meta":{"footnotes":""},"class_list":["post-2302","page","type-page","status-publish","hentry"],"_links":{"self":[{"href":"https:\/\/grupobrasinter.com.br\/site\/index.php\/wp-json\/wp\/v2\/pages\/2302","targetHints":{"allow":["GET"]}}],"collection":[{"href":"https:\/\/grupobrasinter.com.br\/site\/index.php\/wp-json\/wp\/v2\/pages"}],"about":[{"href":"https:\/\/grupobrasinter.com.br\/site\/index.php\/wp-json\/wp\/v2\/types\/page"}],"author":[{"embeddable":true,"href":"https:\/\/grupobrasinter.com.br\/site\/index.php\/wp-json\/wp\/v2\/users\/1"}],"replies":[{"embeddable":true,"href":"https:\/\/grupobrasinter.com.br\/site\/index.php\/wp-json\/wp\/v2\/comments?post=2302"}],"version-history":[{"count":11,"href":"https:\/\/grupobrasinter.com.br\/site\/index.php\/wp-json\/wp\/v2\/pages\/2302\/revisions"}],"predecessor-version":[{"id":2561,"href":"https:\/\/grupobrasinter.com.br\/site\/index.php\/wp-json\/wp\/v2\/pages\/2302\/revisions\/2561"}],"wp:attachment":[{"href":"https:\/\/grupobrasinter.com.br\/site\/index.php\/wp-json\/wp\/v2\/media?parent=2302"}],"curies":[{"name":"wp","href":"https:\/\/api.w.org\/{rel}","templated":true}]}}